{"id":5485,"date":"2023-12-11T14:49:21","date_gmt":"2023-12-11T13:49:21","guid":{"rendered":"https:\/\/www.zenzabientre.fr\/?post_type=product&#038;p=5485"},"modified":"2023-12-11T14:55:43","modified_gmt":"2023-12-11T13:55:43","slug":"savon-ayurvedique-bergamote-7e","status":"publish","type":"product","link":"https:\/\/www.zenzabientre.fr\/index.php\/product\/savon-ayurvedique-bergamote-7e\/","title":{"rendered":"Savon Ayurv\u00e9dique Bergamote 7\u20ac"},"content":{"rendered":"<p><span style=\"vertical-align: inherit;\"><span style=\"vertical-align: inherit;\">Savon de 100 g 7\u20ac<\/span><\/span><\/p>\n<div class=\"gds-text ProductDescriptionGeneral_gwz-product-information-general__description__qL7eY\">\n<p><span style=\"vertical-align: inherit;\"><span style=\"vertical-align: inherit;\">Une excellente occasion de s&#8217;offrir un moment de d\u00e9tente !<\/span><\/span><\/p>\n<\/div>\n<div class=\"gds-text ProductDescriptionGeneral_gwz-product-information-general__description__qL7eY\">\n<p><span style=\"vertical-align: inherit;\"><span style=\"vertical-align: inherit;\">L&#8217;huile de coco press\u00e9e \u00e0 froid est saponifi\u00e9e puis m\u00e9lang\u00e9e \u00e0 des huiles v\u00e9g\u00e9tales et des huiles essentielles de plantes reconnues pour leurs vertus dans la tradition ayurv\u00e9dique.<\/span><\/span><\/p>\n<p><span style=\"vertical-align: inherit;\"><span style=\"vertical-align: inherit;\">Ce savon est le fruit d&#8217;un partenariat engag\u00e9 par Karawan avec une unit\u00e9 de production artisanale ayant l&#8217;agr\u00e9ment indien \u00ab ayurv\u00e9da \u00bb qui garantit la tra\u00e7abilit\u00e9 d&#8217;ingr\u00e9dients exclusivement naturels.<\/span><\/span><\/p>\n<p><span style=\"vertical-align: inherit;\"><span style=\"vertical-align: inherit;\">Les recettes sont pr\u00e9par\u00e9es dans le respect de la nature de la peau, avec une approche globale de ses besoins.<\/span><\/span><\/p>\n<p><span style=\"vertical-align: inherit;\"><span style=\"vertical-align: inherit;\">Ce savon l\u00e9ger et onctueux mousse abondamment, il adoucit les peaux fragiles ou tr\u00e8s s\u00e8ches.<\/span><\/span><\/p>\n<p><span style=\"vertical-align: inherit;\"><span style=\"vertical-align: inherit;\">Il s&#8217;utilise \u00e9galement comme shampoing.<\/span><\/span><\/p>\n<\/div>\n<p><strong><span style=\"vertical-align: inherit;\"><span style=\"vertical-align: inherit;\">Composition :<\/span><\/span><\/strong><span style=\"vertical-align: inherit;\"><span style=\"vertical-align: inherit;\"> \u00a0Huile de coco press\u00e9e \u00e0 froid, huiles essentielles pures de bergamote, lavande, g\u00e9ranium, orange, girofle, patchouli, eau florale de kewra.<\/span><\/span><\/p>\n<h2><span>DANS UN PACK TOTALEMENT \u00c9COLOGIQUE<\/span><\/h2>\n<p><span>Ce produit est conditionn\u00e9 dans une coque v\u00e9g\u00e9tale en feuille de bananier qui peut \u00eatre emport\u00e9 partout et fera un tr\u00e8s beau porte savon.<\/span><\/p>\n","protected":false},"excerpt":{"rendered":"<p>Savon de 100 g 7\u20ac Une excellente occasion de s&#8217;offrir un moment de d\u00e9tente ! L&#8217;huile de coco press\u00e9e \u00e0 froid est saponifi\u00e9e puis m\u00e9lang\u00e9e \u00e0 des huiles v\u00e9g\u00e9tales et [&hellip;]<\/p>\n","protected":false},"featured_media":5470,"template":"","meta":[],"product_brand":[],"product_cat":[154],"product_tag":[],"class_list":{"0":"post-5485","1":"product","2":"type-product","3":"status-publish","4":"has-post-thumbnail","6":"product_cat-non-classe","8":"first","9":"instock","10":"shipping-taxable","11":"product-type-simple"},"_links":{"self":[{"href":"https:\/\/www.zenzabientre.fr\/index.php\/wp-json\/wp\/v2\/product\/5485","targetHints":{"allow":["GET"]}}],"collection":[{"href":"https:\/\/www.zenzabientre.fr\/index.php\/wp-json\/wp\/v2\/product"}],"about":[{"href":"https:\/\/www.zenzabientre.fr\/index.php\/wp-json\/wp\/v2\/types\/product"}],"version-history":[{"count":2,"href":"https:\/\/www.zenzabientre.fr\/index.php\/wp-json\/wp\/v2\/product\/5485\/revisions"}],"predecessor-version":[{"id":5489,"href":"https:\/\/www.zenzabientre.fr\/index.php\/wp-json\/wp\/v2\/product\/5485\/revisions\/5489"}],"wp:featuredmedia":[{"embeddable":true,"href":"https:\/\/www.zenzabientre.fr\/index.php\/wp-json\/wp\/v2\/media\/5470"}],"wp:attachment":[{"href":"https:\/\/www.zenzabientre.fr\/index.php\/wp-json\/wp\/v2\/media?parent=5485"}],"wp:term":[{"taxonomy":"product_brand","embeddable":true,"href":"https:\/\/www.zenzabientre.fr\/index.php\/wp-json\/wp\/v2\/product_brand?post=5485"},{"taxonomy":"product_cat","embeddable":true,"href":"https:\/\/www.zenzabientre.fr\/index.php\/wp-json\/wp\/v2\/product_cat?post=5485"},{"taxonomy":"product_tag","embeddable":true,"href":"https:\/\/www.zenzabientre.fr\/index.php\/wp-json\/wp\/v2\/product_tag?post=5485"}],"curies":[{"name":"wp","href":"https:\/\/api.w.org\/{rel}","templated":true}]}}