{"id":5521,"date":"2023-12-11T16:29:15","date_gmt":"2023-12-11T15:29:15","guid":{"rendered":"https:\/\/www.zenzabientre.fr\/?post_type=product&#038;p=5521"},"modified":"2023-12-14T13:39:14","modified_gmt":"2023-12-14T12:39:14","slug":"savon-a-barbe-rond-6-70e","status":"publish","type":"product","link":"https:\/\/www.zenzabientre.fr\/index.php\/product\/savon-a-barbe-rond-6-70e\/","title":{"rendered":"Savon \u00e0 barbe Rond 6.70\u20ac"},"content":{"rendered":"<p>Savon \u00e0 Barbe naturel, fabrication artisanale\u00a0 \u00a0100g<\/p>\n<p>Inggr\u00e9dients :<\/p>\n<p>huile d&#8217;olive, eau, huile de ricin , beurre de karit\u00e9, huile de colza, argile blanche, huiles essentielles de menthe poivr\u00e9e, c\u00e8dre d&#8217;atlas, de tea tree, eucalyptu globulus<\/p>\n","protected":false},"excerpt":{"rendered":"<p>Savon \u00e0 Barbe naturel, fabrication artisanale\u00a0 \u00a0100g Inggr\u00e9dients : huile d&#8217;olive, eau, huile de ricin , beurre de karit\u00e9, huile de colza, argile blanche, huiles essentielles de menthe poivr\u00e9e, c\u00e8dre [&hellip;]<\/p>\n","protected":false},"featured_media":5522,"template":"","meta":[],"product_brand":[],"product_cat":[169],"product_tag":[],"class_list":{"0":"post-5521","1":"product","2":"type-product","3":"status-publish","4":"has-post-thumbnail","6":"product_cat-savon","8":"first","9":"instock","10":"shipping-taxable","11":"purchasable","12":"product-type-simple"},"_links":{"self":[{"href":"https:\/\/www.zenzabientre.fr\/index.php\/wp-json\/wp\/v2\/product\/5521","targetHints":{"allow":["GET"]}}],"collection":[{"href":"https:\/\/www.zenzabientre.fr\/index.php\/wp-json\/wp\/v2\/product"}],"about":[{"href":"https:\/\/www.zenzabientre.fr\/index.php\/wp-json\/wp\/v2\/types\/product"}],"version-history":[{"count":1,"href":"https:\/\/www.zenzabientre.fr\/index.php\/wp-json\/wp\/v2\/product\/5521\/revisions"}],"predecessor-version":[{"id":5523,"href":"https:\/\/www.zenzabientre.fr\/index.php\/wp-json\/wp\/v2\/product\/5521\/revisions\/5523"}],"wp:featuredmedia":[{"embeddable":true,"href":"https:\/\/www.zenzabientre.fr\/index.php\/wp-json\/wp\/v2\/media\/5522"}],"wp:attachment":[{"href":"https:\/\/www.zenzabientre.fr\/index.php\/wp-json\/wp\/v2\/media?parent=5521"}],"wp:term":[{"taxonomy":"product_brand","embeddable":true,"href":"https:\/\/www.zenzabientre.fr\/index.php\/wp-json\/wp\/v2\/product_brand?post=5521"},{"taxonomy":"product_cat","embeddable":true,"href":"https:\/\/www.zenzabientre.fr\/index.php\/wp-json\/wp\/v2\/product_cat?post=5521"},{"taxonomy":"product_tag","embeddable":true,"href":"https:\/\/www.zenzabientre.fr\/index.php\/wp-json\/wp\/v2\/product_tag?post=5521"}],"curies":[{"name":"wp","href":"https:\/\/api.w.org\/{rel}","templated":true}]}}